{"id":529,"date":"2022-06-21T17:02:29","date_gmt":"2022-06-21T15:02:29","guid":{"rendered":"https:\/\/p54.ca\/?page_id=529"},"modified":"2025-10-24T21:18:41","modified_gmt":"2025-10-24T19:18:41","slug":"culture","status":"publish","type":"page","link":"https:\/\/p54.ca\/en\/culture\/","title":{"rendered":"Culture"},"content":{"rendered":"<div class=\"wpb-content-wrapper\">[vc_section full_width=&#8221;stretch_row_content&#8221; el_class=&#8221;section-header&#8221;][vc_row full_width=&#8221;stretch_row_content_no_spaces&#8221;][vc_column width=&#8221;2\/3&#8243;][vc_column_text]\n<h1>Passion and<br \/>\nexpertise<\/h1>\n<h3>A UNITED TEAM SHARING COMMON VALUES<\/h3>\n[\/vc_column_text][vc_single_image image=&#8221;534&#8243; img_size=&#8221;full&#8221;][\/vc_column][vc_column width=&#8221;1\/3&#8243;][vc_column_text el_class=&#8221;good-vibes&#8221;]\n<p style=\"text-align: right;\">Good<br \/>\nvibes<br \/>\nonly[\/vc_column_text][vc_single_image image=&#8221;1042&#8243; img_size=&#8221;full&#8221; alignment=&#8221;center&#8221;][vc_raw_html]JTNDc3ZnJTIweG1sbnMlM0QlMjJodHRwJTNBJTJGJTJGd3d3LnczLm9yZyUyRjIwMDAlMkZzdmclMjIlMjB3aWR0aCUzRCUyMjgyLjczOCUyMiUyMGhlaWdodCUzRCUyMjgyLjczOCUyMiUyMHZpZXdCb3glM0QlMjIwJTIwMCUyMDgyLjczOCUyMDgyLjczOCUyMiUzRSUwQSUyMCUyMCUzQ2clMjBpZCUzRCUyMkdyb3VwXzI4MyUyMiUyMGRhdGEtbmFtZSUzRCUyMkdyb3VwJTIwMjgzJTIyJTIwdHJhbnNmb3JtJTNEJTIydHJhbnNsYXRlJTI4MC41JTIwMC41JTI5JTIyJTNFJTBBJTIwJTIwJTIwJTIwJTNDZyUyMGlkJTNEJTIyR3JvdXBfMTMlMjIlMjBkYXRhLW5hbWUlM0QlMjJHcm91cCUyMDEzJTIyJTIwdHJhbnNmb3JtJTNEJTIydHJhbnNsYXRlJTI4MCUyMDAlMjklMjIlM0UlMEElMjAlMjAlMjAlMjAlMjAlMjAlM0NnJTIwaWQlM0QlMjJHcm91cF8xMSUyMiUyMGRhdGEtbmFtZSUzRCUyMkdyb3VwJTIwMTElMjIlM0UlMEElMjAlMjAlMjAlMjAlMjAlMjAlMjAlMjAlM0NwYXRoJTIwaWQlM0QlMjJQYXRoXzI2JTIyJTIwZGF0YS1uYW1lJTNEJTIyUGF0aCUyMDI2JTIyJTIwZCUzRCUyMk0xMzk2LjU3MiUyQzg2OWE0MC43JTJDNDAuNyUyQzAlMkMwJTJDMC0yNi4wNyUyQzkuNHY1Mi42NzloLTUuMDY4Vjg4My40MTRhNDAuODU4JTJDNDAuODU4JTJDMCUyQzAlMkMwJTJDMTMuMTc3JTJDNjMuMTd2LTUyLjRoNS4wNjh2NTQuNDdBNDAuODY5JTJDNDAuODY5JTJDMCUyQzElMkMwJTJDMTM5Ni41NzIlMkM4NjlaJTIyJTIwdHJhbnNmb3JtJTNEJTIydHJhbnNsYXRlJTI4LTEzNTUuNzAzJTIwLTg2OSUyOSUyMiUyMGZpbGwlM0QlMjJub25lJTIyJTIwc3Ryb2tlJTNEJTIyJTIzZmZmJTIyJTIwc3Ryb2tlLXdpZHRoJTNEJTIyMSUyMiUyRiUzRSUwQSUyMCUyMCUyMCUyMCUyMCUyMCUzQyUyRmclM0UlMEElMjAlMjAlMjAlMjAlMjAlMjAlM0NnJTIwaWQlM0QlMjJHcm91cF8xMiUyMiUyMGRhdGEtbmFtZSUzRCUyMkdyb3VwJTIwMTIlMjIlMjB0cmFuc2Zvcm0lM0QlMjJ0cmFuc2xhdGUlMjgzNC4wMzQlMjAzNi4xMjElMjklMjIlM0UlMEElMjAlMjAlMjAlMjAlMjAlMjAlMjAlMjAlM0NwYXRoJTIwaWQlM0QlMjJQYXRoXzI3JTIyJTIwZGF0YS1uYW1lJTNEJTIyUGF0aCUyMDI3JTIyJTIwZCUzRCUyMk0xNDg0LjUlMkMxMDEwLjAwOGExNy45MjUlMkMxNy45MjUlMkMwJTJDMCUyQzElMkM2LjgxOC0xLjQlMkMxMy4wMDklMkMxMy4wMDklMkMwJTJDMCUyQzElMkM3LjMxMSUyQzEuODA3JTJDNS4zMTUlMkM1LjMxNSUyQzAlMkMwJTJDMSUyQzIuNjI5JTJDNC42JTJDNS42NjclMkM1LjY2NyUyQzAlMkMwJTJDMS0yLjYyOSUyQzQuODE4JTJDMTEuOSUyQzExLjklMkMwJTJDMCUyQzEtNy4wMSUyQzEuODYzcS03LjA2NSUyQzAtMTEuMDA4LTQuMDI2bDIuNTc0LTEuNzUyYTExLjg3MSUyQzExLjg3MSUyQzAlMkMwJTJDMCUyQzguMzc5JTJDMi45JTJDOC43MjIlMkM4LjcyMiUyQzAlMkMwJTJDMCUyQzQuNjI4LTEuMDU0JTJDMy4xNDclMkMzLjE0NyUyQzAlMkMwJTJDMCUyQzEuNy0yLjc1MSUyQzIuOTgxJTJDMi45ODElMkMwJTJDMCUyQzAtMS43OTQtMi42NDMlMkMxMC40ODglMkMxMC40ODglMkMwJTJDMCUyQzAtNS4wNTItMSUyQzE1LjQ0OSUyQzE1LjQ0OSUyQzAlMkMwJTJDMC03LjE3NCUyQzEuNzgxbC0yLjc5My0xLjUzNCUyQzMuMDk0LTEwLjA0OWgxNS42MDh2Mi45NTdoLTEzLjM5WiUyMiUyMHRyYW5zZm9ybSUzRCUyMnRyYW5zbGF0ZSUyOC0xNDgwLjYxNSUyMC0xMDAxLjU3NCUyOSUyMiUyMGZpbGwlM0QlMjIlMjNmZmYlMjIlMkYlM0UlMEElMjAlMjAlMjAlMjAlMjAlMjAlMjAlMjAlM0NwYXRoJTIwaWQlM0QlMjJQYXRoXzI4JTIyJTIwZGF0YS1uYW1lJTNEJTIyUGF0aCUyMDI4JTIyJTIwZCUzRCUyMk0xNTg4Ljc0MiUyQzEwMTcuNTEySDE1ODQuMnYzLjg4N2gtMy4yODV2LTMuODg3aC0xMy4wNjJ2LTIuOTU5bDEzLjA2My0xMi45NzloMy4yODV2MTIuOTc5aDQuNTQ2Wm0tNy44MzEtMi45NTl2LTkuNTQ0bC05LjU0JTJDOS41MThaJTIyJTIwdHJhbnNmb3JtJTNEJTIydHJhbnNsYXRlJTI4LTE1NDQuMDgxJTIwLTEwMDEuNTc0JTI5JTIyJTIwZmlsbCUzRCUyMiUyM2ZmZiUyMiUyRiUzRSUwQSUyMCUyMCUyMCUyMCUyMCUyMCUzQyUyRmclM0UlMEElMjAlMjAlMjAlMjAlM0MlMkZnJTNFJTBBJTIwJTIwJTNDJTJGZyUzRSUwQSUzQyUyRnN2ZyUzRSUwQQ==[\/vc_raw_html][\/vc_column][\/vc_row][vc_row][vc_column][vc_raw_html]JTNDZGl2JTIwY2xhc3MlM0QlMjJjb250YWluZXIlMjIlM0UlMEElMDklM0NkaXYlMjBjbGFzcyUzRCUyMnBvaW50JTIyJTNFJTNDJTJGZGl2JTNFJTBBJTA5JTNDZGl2JTIwY2xhc3MlM0QlMjJsaWduZSUyMiUzRSUzQyUyRmRpdiUzRSUwQSUzQyUyRmRpdiUzRQ==[\/vc_raw_html][\/vc_column][\/vc_row][\/vc_section][vc_section full_width=&#8221;stretch_row_content&#8221; content_placement=&#8221;middle&#8221; el_class=&#8221;section-ensemble&#8221;][vc_row full_width=&#8221;stretch_row_content_no_spaces&#8221; content_placement=&#8221;middle&#8221;][vc_column width=&#8221;2\/3&#8243;][vc_single_image image=&#8221;536&#8243; img_size=&#8221;full&#8221;][\/vc_column][vc_column width=&#8221;1\/3&#8243;][vc_column_text]\n<h3>THERE IS NOTHING WE CANNOT OVERCOME TOGETHER.<\/h3>\n[\/vc_column_text][\/vc_column][\/vc_row][\/vc_section][vc_section el_class=&#8221;section-valeurs&#8221;][vc_row][vc_column width=&#8221;1\/2&#8243;][vc_column_text el_class=&#8221;cercle-bleu&#8221;]\n<h3>our values<\/h3>\n<h2>A well-established<br \/>\nculture<\/h2>\n[\/vc_column_text][\/vc_column][vc_column width=&#8221;1\/2&#8243;][vc_column_text el_class=&#8221;single-valeur&#8221;]\n<h4>Pleasure<\/h4>\n<p class=\"chiffre\">01\/<\/p>\n<p>AT P54, WE BELIEVE THAT WORK COMES FIRST THROUGH PLEASURE. PLEASURE ALLOWS US TO ACCOMPLISH EVERYTHING AND TO SURPASS OURSELVES EVERY DAY TO GIVE THE BEST OF OURSELVES.[\/vc_column_text][vc_column_text el_class=&#8221;single-valeur&#8221;]\n<h4>Confidence<\/h4>\n<p class=\"chiffre\">02\/<\/p>\n<p>PUTTING TRUST FIRST ALLOWS US TO GUARANTEE THE SUCCESS OF OUR PROJECTS. FOR P54, TRUST IS TO BE PRIVILEGED AT ALL LEVELS.[\/vc_column_text][vc_column_text el_class=&#8221;single-valeur&#8221;]\n<h4>Integrity<\/h4>\n<p class=\"chiffre\">03\/<\/p>\n<p>BUSINESS AND DEVELOPMENT INTEGRITY: ALL MANDATES ARE CARRIED OUT IN STRICT COMPLIANCE WITH THE RULES OF ETHICS, SUSTAINABILITY AND KNOW-HOW.[\/vc_column_text][vc_column_text el_class=&#8221;single-valeur&#8221;]\n<h4>Excellence<\/h4>\n<p class=\"chiffre\">04\/<\/p>\n<p>ACHIEVING EXCELLENCE IS A CONSTANT PRIORITY FOR THE P54 TEAM. COMPETENCE, ORGANIZATION, INNOVATION AND EXPERTISE ARE THE ESSENCE OF EXCELLENCE.[\/vc_column_text][vc_column_text el_class=&#8221;single-valeur&#8221;]\n<h4>Accessibility<\/h4>\n<p class=\"chiffre\">05\/<\/p>\n<p>APPROACHABILITY AND EFFECTIVE COMMUNICATION ENSURE THAT ALL PROJECTS ARE MAXIMIZED. AT P54, ENGINEERING ON A HUMAN SCALE IS OUR GUIDING PRINCIPLE.[\/vc_column_text][\/vc_column][\/vc_row][\/vc_section][vc_section full_width=&#8221;stretch_row&#8221; el_class=&#8221;section-gestion&#8221;][vc_row content_placement=&#8221;middle&#8221;][vc_column width=&#8221;1\/2&#8243;][vc_column_text]\n<h3 style=\"text-align: right;\">A MANAGEMENT<br \/>\nTEAM FOCUSED<br \/>\nON TRANSPARENCY<br \/>\nAND COMMUNICATION<\/h3>\n<p style=\"text-align: right;\">We are committed to providing a positive work environment. P54 associates are available and accessible. It is important to us to work as a team and to offer our colleagues opportunities for advancement within the company. We build trusting relationships with our clients and each other so that we can all succeed together!<\/p>\n[\/vc_column_text][vc_btn title=&#8221;Meet our associates&#8221; align=&#8221;right&#8221; link=&#8221;url:%2Fen%2Fabout%2F%23associes&#8221; el_class=&#8221;custom-btn custom-btn-blanc&#8221;][\/vc_column][vc_column width=&#8221;1\/2&#8243;][vc_single_image image=&#8221;2026&#8243; img_size=&#8221;full&#8221; css=&#8221;&#8221;][\/vc_column][\/vc_row][\/vc_section][vc_section full_width=&#8221;stretch_row_content&#8221; el_class=&#8221;section-plaisir&#8221;][vc_row][vc_column width=&#8221;1\/2&#8243;][vc_column_text el_class=&#8221;plaisir&#8221;]\n<h3>FUN<br \/>\nAT WORK<\/h3>\n[\/vc_column_text][vc_single_image image=&#8221;538&#8243; img_size=&#8221;full&#8221; add_caption=&#8221;yes&#8221; el_class=&#8221;img-01&#8243;][\/vc_column][vc_column width=&#8221;1\/2&#8243;][vc_single_image image=&#8221;540&#8243; img_size=&#8221;full&#8221; el_class=&#8221;img-02&#8243;][vc_single_image image=&#8221;539&#8243; img_size=&#8221;full&#8221; el_class=&#8221;img-03&#8243;][vc_raw_html]JTNDbG90dGllLXBsYXllciUyMGxvb3AlMjBhdXRvcGxheSUyMHNyYyUzRCUyMiUyRndwLWNvbnRlbnQlMkZ1cGxvYWRzJTJGc3ZnJTJGYW5pbS1iaWVyZS5qc29uJTIyJTNFJTNDJTJGbG90dGllLXBsYXllciUzRQ==[\/vc_raw_html][\/vc_column][\/vc_row][vc_row el_class=&#8221;section-surpasser&#8221;][vc_column width=&#8221;1\/2&#8243;][vc_column_text el_class=&#8221;surpasser&#8221;]TO EXCEL AND<\/p>\n<p>CONTINUOUSLY<\/p>\n<p>CULTIVATE YOUR<\/p>\n<p>FULL POTENTIAL[\/vc_column_text][\/vc_column][vc_column width=&#8221;1\/2&#8243;][vc_column_text]\n<h3>A NON-TRADITIONAL, YET PROFESSIONAL ENVIRONMENT<\/h3>\n<p>At our Head Office, with each new contract signed, we get a new vinyl to play on our turntable. We have hammocks, a gym, a beverage fridge (alcoholic and non-alcoholic, depending on the time of day), a BBQ, an outdoor fireplace, and much more![\/vc_column_text][vc_btn title=&#8221;Apply now&#8221; link=&#8221;url:%2Fen%2Fcareer%2F%23candidature-spontanee&#8221; el_class=&#8221;custom-btn custom-btn-bleu&#8221;][\/vc_column][\/vc_row][vc_row el_class=&#8221;section-team-building&#8221;][vc_column][vc_column_text css=&#8221;&#8221;]\n<h3>in<br \/>\naction<\/h3>\n[\/vc_column_text][vc_single_image image=&#8221;2024&#8243; img_size=&#8221;full&#8221; css=&#8221;&#8221;][\/vc_column][\/vc_row][vc_row el_class=&#8221;section-collegues&#8221;][vc_column width=&#8221;7\/12&#8243;][vc_column_text]\n<h3>EXCEPTIONAL<br \/>\nCOLLEAGUES<\/h3>\n<p class=\"p1\">We are caring and supportive of everyone we work with. The strength of our team lies not only in our combined experience and expertise, but also in our ability to trust each other. We believe in having fun at work and growing, both personally and professionally.<\/p>\n[\/vc_column_text][vc_btn title=&#8221;MEET OUR ASSOCIATES&#8221; link=&#8221;url:%2Fen%2Fabout%2F%23associes&#8221; el_class=&#8221;custom-btn custom-btn-bleu&#8221;][vc_raw_html]JTNDbG90dGllLXBsYXllciUyMGxvb3AlMjBhdXRvcGxheSUyMHNyYyUzRCUyMiUyRndwLWNvbnRlbnQlMkZ1cGxvYWRzJTJGc3ZnJTJGYW5pbS1iYnEuanNvbiUyMiUzRSUzQyUyRmxvdHRpZS1wbGF5ZXIlM0U=[\/vc_raw_html][\/vc_column][vc_column width=&#8221;5\/12&#8243;][vc_single_image image=&#8221;542&#8243; img_size=&#8221;full&#8221; alignment=&#8221;right&#8221;][\/vc_column][\/vc_row][\/vc_section][vc_section full_width=&#8221;stretch_row_content&#8221; el_class=&#8221;section-thematiques&#8221;][vc_row][vc_column width=&#8221;5\/12&#8243;][vc_column_text]\n<h3>A WARM AND WELCOMING TEAM, A SECOND FAMILY<\/h3>\n[\/vc_column_text][vc_single_image image=&#8221;543&#8243; img_size=&#8221;full&#8221; el_class=&#8221;img-01&#8243;][\/vc_column][vc_column width=&#8221;7\/12&#8243;][vc_column_text el_class=&#8221;gros-mots&#8221;]\n<h3>THEMATIC<br \/>\nDAYS<\/h3>\n[\/vc_column_text][vc_single_image image=&#8221;544&#8243; img_size=&#8221;full&#8221; el_class=&#8221;img-02&#8243;][vc_raw_html]JTNDbG90dGllLXBsYXllciUyMGxvb3AlMjBhdXRvcGxheSUyMHNyYyUzRCUyMiUyRndwLWNvbnRlbnQlMkZ1cGxvYWRzJTJGc3ZnJTJGYW5pbS1tb3VzdGFjaGUuanNvbiUyMiUzRSUzQyUyRmxvdHRpZS1wbGF5ZXIlM0U=[\/vc_raw_html][vc_column_text]\n<p class=\"p1\">To get away from our daily routine, where we work on projects that require a lot of brain juice, we like to organize thematic activities at the office: Movember, Halloween, Christmas with everyone&#8217;s kids, and more.<\/p>\n<p class=\"p1\"><strong>If there&#8217;s one thing we know for sure, it&#8217;s that there&#8217;s never a dull moment at P54!<\/strong><\/p>\n[\/vc_column_text][\/vc_column][\/vc_row][\/vc_section][vc_section el_class=&#8221;section-bas&#8221;][vc_row][vc_column width=&#8221;2\/3&#8243;][vc_single_image image=&#8221;1062&#8243; img_size=&#8221;full&#8221;][\/vc_column][vc_column width=&#8221;1\/3&#8243;][vc_column_text]\n<h3>READY TO JOIN THE TEAM?<\/h3>\n[\/vc_column_text][vc_btn title=&#8221;Apply now&#8221; link=&#8221;url:%2Fen%2Fcareer%2F%23candidature-spontanee&#8221; el_class=&#8221;custom-btn custom-btn-bleu&#8221;][\/vc_column][\/vc_row][\/vc_section]\n<\/div>","protected":false},"excerpt":{"rendered":"<p>[vc_section full_width=&#8221;stretch_row_content&#8221; el_class=&#8221;section-header&#8221;][vc_row full_width=&#8221;stretch_row_content_no_spaces&#8221;][vc_column width=&#8221;2\/3&#8243;][vc_column_text] Passion and expertise A UNITED TEAM SHARING COMMON VALUES [\/vc_column_text][vc_single_image image=&#8221;534&#8243; img_size=&#8221;full&#8221;][\/vc_column][vc_column width=&#8221;1\/3&#8243;][vc_column_text el_class=&#8221;good-vibes&#8221;] Good vibes only[\/vc_column_text][vc_single_image image=&#8221;1042&#8243; img_size=&#8221;full&#8221; alignment=&#8221;center&#8221;][vc_raw_html]JTNDc3ZnJTIweG1sbnMlM0QlMjJodHRwJTNBJTJGJTJGd3d3LnczLm9yZyUyRjIwMDAlMkZzdmclMjIlMjB3aWR0aCUzRCUyMjgyLjczOCUyMiUyMGhlaWdodCUzRCUyMjgyLjczOCUyMiUyMHZpZXdCb3glM0QlMjIwJTIwMCUyMDgyLjczOCUyMDgyLjczOCUyMiUzRSUwQSUyMCUyMCUzQ2clMjBpZCUzRCUyMkdyb3VwXzI4MyUyMiUyMGRhdGEtbmFtZSUzRCUyMkdyb3VwJTIwMjgzJTIyJTIwdHJhbnNmb3JtJTNEJTIydHJhbnNsYXRlJTI4MC41JTIwMC41JTI5JTIyJTNFJTBBJTIwJTIwJTIwJTIwJTNDZyUyMGlkJTNEJTIyR3JvdXBfMTMlMjIlMjBkYXRhLW5hbWUlM0QlMjJHcm91cCUyMDEzJTIyJTIwdHJhbnNmb3JtJTNEJTIydHJhbnNsYXRlJTI4MCUyMDAlMjklMjIlM0UlMEElMjAlMjAlMjAlMjAlMjAlMjAlM0NnJTIwaWQlM0QlMjJHcm91cF8xMSUyMiUyMGRhdGEtbmFtZSUzRCUyMkdyb3VwJTIwMTElMjIlM0UlMEElMjAlMjAlMjAlMjAlMjAlMjAlMjAlMjAlM0NwYXRoJTIwaWQlM0QlMjJQYXRoXzI2JTIyJTIwZGF0YS1uYW1lJTNEJTIyUGF0aCUyMDI2JTIyJTIwZCUzRCUyMk0xMzk2LjU3MiUyQzg2OWE0MC43JTJDNDAuNyUyQzAlMkMwJTJDMC0yNi4wNyUyQzkuNHY1Mi42NzloLTUuMDY4Vjg4My40MTRhNDAuODU4JTJDNDAuODU4JTJDMCUyQzAlMkMwJTJDMTMuMTc3JTJDNjMuMTd2LTUyLjRoNS4wNjh2NTQuNDdBNDAuODY5JTJDNDAuODY5JTJDMCUyQzElMkMwJTJDMTM5Ni41NzIlMkM4NjlaJTIyJTIwdHJhbnNmb3JtJTNEJTIydHJhbnNsYXRlJTI4LTEzNTUuNzAzJTIwLTg2OSUyOSUyMiUyMGZpbGwlM0QlMjJub25lJTIyJTIwc3Ryb2tlJTNEJTIyJTIzZmZmJTIyJTIwc3Ryb2tlLXdpZHRoJTNEJTIyMSUyMiUyRiUzRSUwQSUyMCUyMCUyMCUyMCUyMCUyMCUzQyUyRmclM0UlMEElMjAlMjAlMjAlMjAlMjAlMjAlM0NnJTIwaWQlM0QlMjJHcm91cF8xMiUyMiUyMGRhdGEtbmFtZSUzRCUyMkdyb3VwJTIwMTIlMjIlMjB0cmFuc2Zvcm0lM0QlMjJ0cmFuc2xhdGUlMjgzNC4wMzQlMjAzNi4xMjElMjklMjIlM0UlMEElMjAlMjAlMjAlMjAlMjAlMjAlMjAlMjAlM0NwYXRoJTIwaWQlM0QlMjJQYXRoXzI3JTIyJTIwZGF0YS1uYW1lJTNEJTIyUGF0aCUyMDI3JTIyJTIwZCUzRCUyMk0xNDg0LjUlMkMxMDEwLjAwOGExNy45MjUlMkMxNy45MjUlMkMwJTJDMCUyQzElMkM2LjgxOC0xLjQlMkMxMy4wMDklMkMxMy4wMDklMkMwJTJDMCUyQzElMkM3LjMxMSUyQzEuODA3JTJDNS4zMTUlMkM1LjMxNSUyQzAlMkMwJTJDMSUyQzIuNjI5JTJDNC42JTJDNS42NjclMkM1LjY2NyUyQzAlMkMwJTJDMS0yLjYyOSUyQzQuODE4JTJDMTEuOSUyQzExLjklMkMwJTJDMCUyQzEtNy4wMSUyQzEuODYzcS03LjA2NSUyQzAtMTEuMDA4LTQuMDI2bDIuNTc0LTEuNzUyYTExLjg3MSUyQzExLjg3MSUyQzAlMkMwJTJDMCUyQzguMzc5JTJDMi45JTJDOC43MjIlMkM4LjcyMiUyQzAlMkMwJTJDMCUyQzQuNjI4LTEuMDU0JTJDMy4xNDclMkMzLjE0NyUyQzAlMkMwJTJDMCUyQzEuNy0yLjc1MSUyQzIuOTgxJTJDMi45ODElMkMwJTJDMCUyQzAtMS43OTQtMi42NDMlMkMxMC40ODglMkMxMC40ODglMkMwJTJDMCUyQzAtNS4wNTItMSUyQzE1LjQ0OSUyQzE1LjQ0OSUyQzAlMkMwJTJDMC03LjE3NCUyQzEuNzgxbC0yLjc5My0xLjUzNCUyQzMuMDk0LTEwLjA0OWgxNS42MDh2Mi45NTdoLTEzLjM5WiUyMiUyMHRyYW5zZm9ybSUzRCUyMnRyYW5zbGF0ZSUyOC0xNDgwLjYxNSUyMC0xMDAxLjU3NCUyOSUyMiUyMGZpbGwlM0QlMjIlMjNmZmYlMjIlMkYlM0UlMEElMjAlMjAlMjAlMjAlMjAlMjAlMjAlMjAlM0NwYXRoJTIwaWQlM0QlMjJQYXRoXzI4JTIyJTIwZGF0YS1uYW1lJTNEJTIyUGF0aCUyMDI4JTIyJTIwZCUzRCUyMk0xNTg4Ljc0MiUyQzEwMTcuNTEySDE1ODQuMnYzLjg4N2gtMy4yODV2LTMuODg3aC0xMy4wNjJ2LTIuOTU5bDEzLjA2My0xMi45NzloMy4yODV2MTIuOTc5aDQuNTQ2Wm0tNy44MzEtMi45NTl2LTkuNTQ0bC05LjU0JTJDOS41MThaJTIyJTIwdHJhbnNmb3JtJTNEJTIydHJhbnNsYXRlJTI4LTE1NDQuMDgxJTIwLTEwMDEuNTc0JTI5JTIyJTIwZmlsbCUzRCUyMiUyM2ZmZiUyMiUyRiUzRSUwQSUyMCUyMCUyMCUyMCUyMCUyMCUzQyUyRmclM0UlMEElMjAlMjAlMjAlMjAlM0MlMkZnJTNFJTBBJTIwJTIwJTNDJTJGZyUzRSUwQSUzQyUyRnN2ZyUzRSUwQQ==[\/vc_raw_html][\/vc_column][\/vc_row][vc_row][vc_column][vc_raw_html]JTNDZGl2JTIwY2xhc3MlM0QlMjJjb250YWluZXIlMjIlM0UlMEElMDklM0NkaXYlMjBjbGFzcyUzRCUyMnBvaW50JTIyJTNFJTNDJTJGZGl2JTNFJTBBJTA5JTNDZGl2JTIwY2xhc3MlM0QlMjJsaWduZSUyMiUzRSUzQyUyRmRpdiUzRSUwQSUzQyUyRmRpdiUzRQ==[\/vc_raw_html][\/vc_column][\/vc_row][\/vc_section][vc_section full_width=&#8221;stretch_row_content&#8221; content_placement=&#8221;middle&#8221; el_class=&#8221;section-ensemble&#8221;][vc_row full_width=&#8221;stretch_row_content_no_spaces&#8221; content_placement=&#8221;middle&#8221;][vc_column width=&#8221;2\/3&#8243;][vc_single_image image=&#8221;536&#8243; img_size=&#8221;full&#8221;][\/vc_column][vc_column width=&#8221;1\/3&#8243;][vc_column_text] THERE IS NOTHING WE CANNOT OVERCOME TOGETHER. [\/vc_column_text][\/vc_column][\/vc_row][\/vc_section][vc_section el_class=&#8221;section-valeurs&#8221;][vc_row][vc_column width=&#8221;1\/2&#8243;][vc_column_text el_class=&#8221;cercle-bleu&#8221;] our values A well-established culture &#8230;<\/p>\n","protected":false},"author":1,"featured_media":0,"parent":0,"menu_order":0,"comment_status":"closed","ping_status":"closed","template":"template-blank-1.php","meta":{"inline_featured_image":false,"_monsterinsights_skip_tracking":false,"_monsterinsights_sitenote_active":false,"_monsterinsights_sitenote_note":"","_monsterinsights_sitenote_category":0,"footnotes":""},"class_list":["post-529","page","type-page","status-publish","hentry","no-post-thumbnail"],"yoast_head":"<!-- This site is optimized with the Yoast SEO plugin v27.4 - https:\/\/yoast.com\/product\/yoast-seo-wordpress\/ -->\n<title>Our Work Culture | P54<\/title>\n<meta name=\"description\" content=\"At P54, our work culture is based on transparency, communication, and fun at work. We work hard and we know how to celebrate our successes.\" \/>\n<meta name=\"robots\" content=\"index, follow, max-snippet:-1, max-image-preview:large, max-video-preview:-1\" \/>\n<link rel=\"canonical\" href=\"https:\/\/coral-peafowl-278493.hostingersite.com\/en\/culture\/\" \/>\n<meta property=\"og:locale\" content=\"en_US\" \/>\n<meta property=\"og:type\" content=\"article\" \/>\n<meta property=\"og:title\" content=\"Our Work Culture | P54\" \/>\n<meta property=\"og:description\" content=\"At P54, our work culture is based on transparency, communication, and fun at work. We work hard and we know how to celebrate our successes.\" \/>\n<meta property=\"og:url\" content=\"https:\/\/coral-peafowl-278493.hostingersite.com\/en\/culture\/\" \/>\n<meta property=\"og:site_name\" content=\"P54\" \/>\n<meta property=\"article:modified_time\" content=\"2025-10-24T19:18:41+00:00\" \/>\n<meta name=\"twitter:card\" content=\"summary_large_image\" \/>\n<meta name=\"twitter:label1\" content=\"Est. reading time\" \/>\n\t<meta name=\"twitter:data1\" content=\"3 minutes\" \/>\n<script type=\"application\/ld+json\" class=\"yoast-schema-graph\">{\"@context\":\"https:\\\/\\\/schema.org\",\"@graph\":[{\"@type\":\"WebPage\",\"@id\":\"https:\\\/\\\/coral-peafowl-278493.hostingersite.com\\\/en\\\/culture\\\/\",\"url\":\"https:\\\/\\\/coral-peafowl-278493.hostingersite.com\\\/en\\\/culture\\\/\",\"name\":\"Our Work Culture | P54\",\"isPartOf\":{\"@id\":\"https:\\\/\\\/coral-peafowl-278493.hostingersite.com\\\/#website\"},\"datePublished\":\"2022-06-21T15:02:29+00:00\",\"dateModified\":\"2025-10-24T19:18:41+00:00\",\"description\":\"At P54, our work culture is based on transparency, communication, and fun at work. We work hard and we know how to celebrate our successes.\",\"breadcrumb\":{\"@id\":\"https:\\\/\\\/coral-peafowl-278493.hostingersite.com\\\/en\\\/culture\\\/#breadcrumb\"},\"inLanguage\":\"en-US\",\"potentialAction\":[{\"@type\":\"ReadAction\",\"target\":[\"https:\\\/\\\/coral-peafowl-278493.hostingersite.com\\\/en\\\/culture\\\/\"]}]},{\"@type\":\"BreadcrumbList\",\"@id\":\"https:\\\/\\\/coral-peafowl-278493.hostingersite.com\\\/en\\\/culture\\\/#breadcrumb\",\"itemListElement\":[{\"@type\":\"ListItem\",\"position\":1,\"name\":\"Accueil\",\"item\":\"https:\\\/\\\/coral-peafowl-278493.hostingersite.com\\\/en\\\/home-2\\\/\"},{\"@type\":\"ListItem\",\"position\":2,\"name\":\"Culture\"}]},{\"@type\":\"WebSite\",\"@id\":\"https:\\\/\\\/coral-peafowl-278493.hostingersite.com\\\/#website\",\"url\":\"https:\\\/\\\/coral-peafowl-278493.hostingersite.com\\\/\",\"name\":\"Parall\u00e8le 54 - Firme de g\u00e9nie conseil et d'ing\u00e9nierie\",\"description\":\"\",\"alternateName\":\"P54 - Firme de g\u00e9nie civil\",\"potentialAction\":[{\"@type\":\"SearchAction\",\"target\":{\"@type\":\"EntryPoint\",\"urlTemplate\":\"https:\\\/\\\/coral-peafowl-278493.hostingersite.com\\\/?s={search_term_string}\"},\"query-input\":{\"@type\":\"PropertyValueSpecification\",\"valueRequired\":true,\"valueName\":\"search_term_string\"}}],\"inLanguage\":\"en-US\"}]}<\/script>\n<!-- \/ Yoast SEO plugin. -->","yoast_head_json":{"title":"Our Work Culture | P54","description":"At P54, our work culture is based on transparency, communication, and fun at work. We work hard and we know how to celebrate our successes.","robots":{"index":"index","follow":"follow","max-snippet":"max-snippet:-1","max-image-preview":"max-image-preview:large","max-video-preview":"max-video-preview:-1"},"canonical":"https:\/\/coral-peafowl-278493.hostingersite.com\/en\/culture\/","og_locale":"en_US","og_type":"article","og_title":"Our Work Culture | P54","og_description":"At P54, our work culture is based on transparency, communication, and fun at work. We work hard and we know how to celebrate our successes.","og_url":"https:\/\/coral-peafowl-278493.hostingersite.com\/en\/culture\/","og_site_name":"P54","article_modified_time":"2025-10-24T19:18:41+00:00","twitter_card":"summary_large_image","twitter_misc":{"Est. reading time":"3 minutes"},"schema":{"@context":"https:\/\/schema.org","@graph":[{"@type":"WebPage","@id":"https:\/\/coral-peafowl-278493.hostingersite.com\/en\/culture\/","url":"https:\/\/coral-peafowl-278493.hostingersite.com\/en\/culture\/","name":"Our Work Culture | P54","isPartOf":{"@id":"https:\/\/coral-peafowl-278493.hostingersite.com\/#website"},"datePublished":"2022-06-21T15:02:29+00:00","dateModified":"2025-10-24T19:18:41+00:00","description":"At P54, our work culture is based on transparency, communication, and fun at work. We work hard and we know how to celebrate our successes.","breadcrumb":{"@id":"https:\/\/coral-peafowl-278493.hostingersite.com\/en\/culture\/#breadcrumb"},"inLanguage":"en-US","potentialAction":[{"@type":"ReadAction","target":["https:\/\/coral-peafowl-278493.hostingersite.com\/en\/culture\/"]}]},{"@type":"BreadcrumbList","@id":"https:\/\/coral-peafowl-278493.hostingersite.com\/en\/culture\/#breadcrumb","itemListElement":[{"@type":"ListItem","position":1,"name":"Accueil","item":"https:\/\/coral-peafowl-278493.hostingersite.com\/en\/home-2\/"},{"@type":"ListItem","position":2,"name":"Culture"}]},{"@type":"WebSite","@id":"https:\/\/coral-peafowl-278493.hostingersite.com\/#website","url":"https:\/\/coral-peafowl-278493.hostingersite.com\/","name":"Parall\u00e8le 54 - Firme de g\u00e9nie conseil et d'ing\u00e9nierie","description":"","alternateName":"P54 - Firme de g\u00e9nie civil","potentialAction":[{"@type":"SearchAction","target":{"@type":"EntryPoint","urlTemplate":"https:\/\/coral-peafowl-278493.hostingersite.com\/?s={search_term_string}"},"query-input":{"@type":"PropertyValueSpecification","valueRequired":true,"valueName":"search_term_string"}}],"inLanguage":"en-US"}]}},"_links":{"self":[{"href":"https:\/\/p54.ca\/en\/wp-json\/wp\/v2\/pages\/529","targetHints":{"allow":["GET"]}}],"collection":[{"href":"https:\/\/p54.ca\/en\/wp-json\/wp\/v2\/pages"}],"about":[{"href":"https:\/\/p54.ca\/en\/wp-json\/wp\/v2\/types\/page"}],"author":[{"embeddable":true,"href":"https:\/\/p54.ca\/en\/wp-json\/wp\/v2\/users\/1"}],"replies":[{"embeddable":true,"href":"https:\/\/p54.ca\/en\/wp-json\/wp\/v2\/comments?post=529"}],"version-history":[{"count":0,"href":"https:\/\/p54.ca\/en\/wp-json\/wp\/v2\/pages\/529\/revisions"}],"wp:attachment":[{"href":"https:\/\/p54.ca\/en\/wp-json\/wp\/v2\/media?parent=529"}],"curies":[{"name":"wp","href":"https:\/\/api.w.org\/{rel}","templated":true}]}}