{"id":495,"date":"2022-06-21T16:27:14","date_gmt":"2022-06-21T14:27:14","guid":{"rendered":"https:\/\/p54.ca\/?page_id=495"},"modified":"2025-05-13T14:40:16","modified_gmt":"2025-05-13T12:40:16","slug":"expertise","status":"publish","type":"page","link":"https:\/\/p54.ca\/en\/expertise\/","title":{"rendered":"Expertise"},"content":{"rendered":"<div class=\"wpb-content-wrapper\">[vc_section el_class=&#8221;section-header&#8221;][vc_row full_width=&#8221;stretch_row_content_no_spaces&#8221; equal_height=&#8221;yes&#8221;][vc_column width=&#8221;1\/2&#8243;][vc_column_text]\n<h1>Our expertise<\/h1>\n<h2>CIVIL AND STRUCTURAL ENGINEERING ARE AT THE HEART OF P54&#8217;S EXPERTISE.<\/h2>\n<p class=\"p1\">With many years of experience in conception and management, our experts will work with you to simplify and optimize your day-to-day operations. P54 offers a personalized service in order to obtain optimal results that meet the needs of its clients.<\/p>\n<p class=\"p1\">Our expertise in structural engineering has been proven. Since 2006, we have completed hundreds of projects throughout Quebec, in both the private and public sectors, some of which involved previous major technical issues affecting existing structures and mechanical systems.<\/p>\n[\/vc_column_text][\/vc_column][vc_column width=&#8221;1\/2&#8243;][vc_single_image image=&#8221;97&#8243; img_size=&#8221;full&#8221;][vc_column_text el_class=&#8221;note&#8221;]BIRKS BUILDING TRANSFORMATION &#8211; <a href=\"\/en\/portfolio-item\/st-martin-hotels\/\">SEE THE PROJECT<\/a>[\/vc_column_text][\/vc_column][\/vc_row][\/vc_section][vc_section full_width=&#8221;stretch_row&#8221; content_placement=&#8221;middle&#8221; el_class=&#8221;section-municipal&#8221;][vc_row equal_height=&#8221;yes&#8221;][vc_column width=&#8221;1\/3&#8243;][vc_column_text]\n<h2>The municipal sector has no secrets for us.<\/h2>\n<p>P54 was built on the passion for municipal infrastructures by human resources who have worked as managers or members of public works or engineering departments in various municipalities in the Laurentians, Lanaudi\u00e8re and Greater Montreal regions.[\/vc_column_text][\/vc_column][vc_column width=&#8221;1\/3&#8243;][vc_column_text]\n<ul>\n<li data-number=\"data-1\">Support and overall management<\/li>\n<li data-number=\"data-2\">Asset management<\/li>\n<li data-number=\"data-3\">Plans, specifications and worksite monitoring<\/li>\n<li data-number=\"data-4\">Water distribution and collection networks<\/li>\n<li data-number=\"data-5\">Transport infrastructures<\/li>\n<li data-number=\"data-6\">Urban technical networks<\/li>\n<\/ul>\n[\/vc_column_text][\/vc_column][vc_column width=&#8221;1\/3&#8243; el_class=&#8221;explication&#8221;][vc_column_text el_id=&#8221;data-1&#8243;]Our vast knowledge of the sector makes P54 a strategic partner for municipalities.[\/vc_column_text][vc_column_text el_id=&#8221;data-2&#8243;]Plan ahead to prevent rather than cure and guarantee the durability of infrastructures to ensure optimal service to the population.[\/vc_column_text][vc_column_text el_id=&#8221;data-3&#8243;]Plan upstream to prevent rather than cure and guarantee the durability of infrastructures to ensure optimal service to the population.[\/vc_column_text][vc_column_text el_id=&#8221;data-4&#8243;]Integrate works into the environment rather than hiding them.[\/vc_column_text][vc_column_text el_id=&#8221;data-5&#8243;]For sustainable, fluid networks that promote the cohabitation of all types of users.[\/vc_column_text][vc_column_text el_id=&#8221;data-6&#8243;]Working with distributors to provide better service to users.\u2028[\/vc_column_text][\/vc_column][\/vc_row][\/vc_section][vc_section el_class=&#8221;section-services-intro&#8221;][vc_row el_class=&#8221;section-intro&#8221;][vc_column width=&#8221;1\/2&#8243;][vc_column_text]\n<h2 style=\"text-align: left;\">In constant evolution.<\/h2>\n[\/vc_column_text][vc_raw_html]JTNDZGl2JTIwY2xhc3MlM0QlMjJjb250YWluZXIlMjIlM0UlMEElMDklM0NkaXYlMjBjbGFzcyUzRCUyMnBvaW50JTIyJTNFJTNDJTJGZGl2JTNFJTBBJTA5JTNDZGl2JTIwY2xhc3MlM0QlMjJsaWduZSUyMiUzRSUzQyUyRmRpdiUzRSUwQSUzQyUyRmRpdiUzRQ==[\/vc_raw_html][\/vc_column][vc_column width=&#8221;1\/2&#8243;][vc_column_text]\n<h3>OUR SERVICE OFFER<\/h3>\n<p class=\"p1\">We are still developing in order to offer a service that will allow us to anticipate your expectations, which we know are high. This is the motivation that drives us to raise our performance standards to a level that we, today, cannot even anticipate!<\/p>\n[\/vc_column_text][\/vc_column][\/vc_row][\/vc_section][vc_section full_width=&#8221;stretch_row_content&#8221; el_class=&#8221;section-services&#8221;][vc_row el_class=&#8221;selecteur&#8221;][vc_column][vc_column_text]\n<ul>\n<li><a href=\"#civil\">CIVIL ENGINEERING<\/a><\/li>\n<li><a href=\"#hydrique\">HYDRAULIC EXPERTISE AND DAMS<\/a><\/li>\n<li><a href=\"#gestion\">PROJECT MANAGEMENT<\/a><\/li>\n<li><a href=\"#structure\">Structure<\/a><\/li>\n<li><a href=\"#environnement\">ENVIRONMENT<\/a><\/li>\n<li><a href=\"#public\">PUBLIC WORKS<\/a><\/li>\n<li><a href=\"#mining\">MINING AND INDUSTRIAL<\/a><\/li>\n<\/ul>\n[\/vc_column_text][\/vc_column][\/vc_row][vc_row equal_height=&#8221;yes&#8221; el_id=&#8221;civil&#8221; el_class=&#8221;single-service&#8221;][vc_column width=&#8221;3\/12&#8243;][vc_column_text]\n<h3>CIVIL ENGINEERING<\/h3>\n<p class=\"p1\">From planning to construction, through preliminary design studies, street infrastructure design or service to new building complexes, restoration of engineering structures, redevelopment, repair of existing infrastructures, but also through the realization of multidisciplinary urban development or revitalization projects, the expertise of the P54 team allows us to offer a personalized service in order to obtain optimal results that meet the needs of our clients.<\/p>\n[\/vc_column_text][\/vc_column][vc_column width=&#8221;6\/12&#8243;][vc_column_text]\n<ul>\n<li>Pre-project and feasibility studies<\/li>\n<li>Complete topographic surveys (robotic total station and GPS)<\/li>\n<li>Development of complete plans and specifications (2D and 3D)<\/li>\n<li>Drinking water distribution networks<\/li>\n<li>Collection and management of municipal wastewater and storm water<\/li>\n<li>Urban technical networks (RTU)<\/li>\n<li>Rehabilitation and sizing of roadways and pipe networks<\/li>\n<li>Development of parking lots<\/li>\n<li>Water and wastewater master plans<\/li>\n<li>Financial asset management plans for infrastructure<\/li>\n<li>Simulations and analysis of turning (AutoTURN)<\/li>\n<li>Intervention plans<\/li>\n<li>Traffic studies and traffic calming measures<\/li>\n<\/ul>\n[\/vc_column_text][\/vc_column][vc_column width=&#8221;3\/12&#8243;][vc_single_image image=&#8221;115&#8243; img_size=&#8221;full&#8221;][vc_column_text el_class=&#8221;chiffre&#8221;]\n<p style=\"text-align: right;\">01<\/p>\n[\/vc_column_text][\/vc_column][\/vc_row][vc_row equal_height=&#8221;yes&#8221; el_id=&#8221;hydrique&#8221; el_class=&#8221;single-service&#8221;][vc_column width=&#8221;1\/2&#8243;][vc_column_text]\n<h3>HYDRAULIC EXPERTISE AND DAMS<\/h3>\n<p class=\"p1\">The P54 team assists public and private dam owners in the management and rehabilitation of their structures. The team is also specialized in stormwater management, aiming at the optimization of the cost-benefit of the equipment to be installed.<\/p>\n[\/vc_column_text][vc_column_text el_class=&#8221;chiffre&#8221;]\n<p style=\"text-align: left;\">02<\/p>\n[\/vc_column_text][\/vc_column][vc_column width=&#8221;1\/2&#8243;][vc_column_text]\n<ul>\n<li>Hydraulic and hydrological studies<\/li>\n<li>PCSWMM modeling<\/li>\n<li>Stormwater Best Management Practices (BMPs)<\/li>\n<li>Culvert inspection (MTQ accreditation)<\/li>\n<li>Sizing of small and large culverts<\/li>\n<li>High capacity dam inspection<\/li>\n<li>Safety studies<\/li>\n<li>Establishment of remedial presentations<\/li>\n<li>Plans and specifications for small, low and high capacity dams<\/li>\n<li>Requests for authorization from the Ministry of the Environment and Climate Change (MELCC)<\/li>\n<li>Applications for authorization from the Dam Safety Branch (DSB)<\/li>\n<li>Supervision of the work<\/li>\n<li>Certificates of compliance<\/li>\n<\/ul>\n[\/vc_column_text][\/vc_column][\/vc_row][vc_row equal_height=&#8221;yes&#8221; el_id=&#8221;structure&#8221; el_class=&#8221;single-service&#8221;][vc_column width=&#8221;3\/12&#8243;][vc_column_text]\n<h3>structure<\/h3>\n<p class=\"p1\">P54&#8217;s structural team assists clients in the realization of various construction projects in the industrial, commercial, heavy residential and institutional sectors. P54 distinguishes itself by its efficient communication with clients as well as its assiduous presence and support during the execution of the work.<\/p>\n[\/vc_column_text][\/vc_column][vc_column width=&#8221;6\/12&#8243;][vc_column_text]\n<ul>\n<li>Design and dimensioning of steel, wood, concrete and composite structures<\/li>\n<li>Plans and specifications for buildings and various structures<\/li>\n<li>3D drawings (REVIT)<\/li>\n<li>Inspection of existing structures<\/li>\n<li>Performance estimates<\/li>\n<li>Seismic retrofits<\/li>\n<li>Functional and technical programs (PFT)<\/li>\n<li>Verification of manufacturers&#8217; shop drawings<\/li>\n<li>Follow-up visits and certifications of work conformity<\/li>\n<\/ul>\n[\/vc_column_text][\/vc_column][vc_column width=&#8221;3\/12&#8243;][vc_single_image image=&#8221;127&#8243; img_size=&#8221;full&#8221;][vc_column_text el_class=&#8221;chiffre&#8221;]\n<p style=\"text-align: right;\">03<\/p>\n[\/vc_column_text][\/vc_column][\/vc_row][vc_row equal_height=&#8221;yes&#8221; el_id=&#8221;gestion&#8221; el_class=&#8221;single-service&#8221;][vc_column width=&#8221;1\/2&#8243;][vc_column_text]\n<h3>PROJECT MANAGEMENT<\/h3>\n<p>P54&#8217;s team is a partner of choice to assist clients in the realization and management of their projects, regardless of their scope.[\/vc_column_text][vc_column_text el_class=&#8221;chiffre&#8221;]\n<p style=\"text-align: left;\">04<\/p>\n[\/vc_column_text][\/vc_column][vc_column width=&#8221;1\/2&#8243;][vc_column_text]\n<ul>\n<li>Search for grants<\/li>\n<li>Cost estimation and control<\/li>\n<li>Planning and schedules<\/li>\n<li>Integrated municipal management (resolutions, committee minutes, etc.)<\/li>\n<li>Preparation of borrowing by-laws<\/li>\n<li>Coordination and management of multidisciplinary projects<\/li>\n<li>Risk management<\/li>\n<li>Work supervision: services rendered at the office and site supervision with or without residence<\/li>\n<\/ul>\n[\/vc_column_text][\/vc_column][\/vc_row][vc_row equal_height=&#8221;yes&#8221; el_class=&#8221;single-service&#8221; el_id=&#8221;environnement&#8221;][vc_column width=&#8221;3\/12&#8243;][vc_column_text]\n<h3>ENVIRONMENT<\/h3>\n<p class=\"p1\">P54 offers green and sustainable solutions that meet and exceed environmental standards. Always on the lookout for new developments in the field, we aim to deliver works that are at the forefront of green technologies. P54 also offers its expertise in authorization requests to the Ministry of the Environment and Climate Change (MELCC).<\/p>\n[\/vc_column_text][\/vc_column][vc_column width=&#8221;6\/12&#8243;][vc_column_text]\n<ul>\n<li>Green and sustainable LEED solutions. &#8211; Respect of the environmental standards in constant evolution<\/li>\n<li>Requests for authorization from the Ministry of the Environment and Climate Change (MELCC)<\/li>\n<li>Wastewater treatment systems under 75 m\u00b3\/d<\/li>\n<li>Sludge emptying and treatment<\/li>\n<li>Construction\/repair of pumping stations<\/li>\n<li>Process engineering<\/li>\n<li>Drinking water storage tanks<\/li>\n<li>Optimization of aerated lagoons<\/li>\n<li>Collection and disposal of residual materials<\/li>\n<li>Drinking water treatment<\/li>\n<li>Wastewater treatment<\/li>\n<\/ul>\n[\/vc_column_text][\/vc_column][vc_column width=&#8221;3\/12&#8243;][vc_single_image image=&#8221;128&#8243; img_size=&#8221;full&#8221;][vc_column_text el_class=&#8221;chiffre&#8221;]\n<p style=\"text-align: right;\">05<\/p>\n[\/vc_column_text][\/vc_column][\/vc_row][vc_row equal_height=&#8221;yes&#8221; el_class=&#8221;single-service&#8221; el_id=&#8221;public&#8221;][vc_column width=&#8221;1\/2&#8243;][vc_column_text]\n<h3>PUBLIC WORKS<\/h3>\n<p class=\"p1\">P54 accompanies the leaders of public works departments of Quebec municipalities in the realization of various mandates of all sizes, including:<\/p>\n[\/vc_column_text][vc_column_text el_class=&#8221;chiffre&#8221;]\n<p style=\"text-align: left;\">06<\/p>\n[\/vc_column_text][\/vc_column][vc_column width=&#8221;1\/2&#8243;][vc_column_text]\n<ul>\n<li>Machinery purchase estimate<\/li>\n<li>Snow removal estimates<\/li>\n<li>Pavement marking estimate<\/li>\n<li>Crack sealing estimates<\/li>\n<li>Rinsing road estimate<\/li>\n<li>Lighting master plan<\/li>\n<li>Strategic planning for equipment replacement<\/li>\n<li>Five-year building maintenance planning<\/li>\n<li>Assistance in the preparation of operating budgets<\/li>\n<li>Preparation of a three-year capital program<\/li>\n<li>Preparation of grant applications<\/li>\n<li>Plans and specifications for snow dumps and ecocentres<\/li>\n<\/ul>\n[\/vc_column_text][\/vc_column][\/vc_row][vc_row equal_height=&#8221;yes&#8221; el_class=&#8221;single-service&#8221; el_id=&#8221;mining&#8221;][vc_column width=&#8221;3\/12&#8243;][vc_column_text]\n<h3>MINING AND INDUSTRIAL<\/h3>\n<p class=\"p1\">Parall\u00e8le 54 can support you or take charge of your projects involving mining or industrial facilities. Our team specializing in stormwater management and pretreatment, underground water supply infrastructure, wastewater\/process water collection and roadworks will work with you to optimize your site&#8217;s operations. Our team of building specialists will be able to take charge of your projects to install, modify or expand existing facilities.<\/p>\n[\/vc_column_text][\/vc_column][vc_column width=&#8221;6\/12&#8243;][vc_column_text]\n<ul>\n<li>On-site inspection<\/li>\n<li>Pre-project study<\/li>\n<li>Estimation of quantities\/cost of works<\/li>\n<li>Optimization of fill\/clearance for major earthworks<\/li>\n<li>Master plan for drainage, wastewater collection, water distribution<\/li>\n<li>Design report<\/li>\n<li>Plans and specifications<\/li>\n<li>Application to government authorities for authorization<\/li>\n<li>Construction supervision<\/li>\n<li>Pumping station and booster station design<\/li>\n<\/ul>\n[\/vc_column_text][\/vc_column][vc_column width=&#8221;3\/12&#8243;][vc_single_image image=&#8221;1011&#8243; img_size=&#8221;full&#8221;][vc_column_text el_class=&#8221;chiffre&#8221;]\n<p style=\"text-align: right;\">07<\/p>\n[\/vc_column_text][\/vc_column][\/vc_row][\/vc_section][vc_section full_width=&#8221;stretch_row&#8221; content_placement=&#8221;middle&#8221; el_class=&#8221;section-footer-banner&#8221; css=&#8221;.vc_custom_1647865356553{background-image: url(https:\/\/p54.ca\/wp-content\/uploads\/2022\/03\/Group-363-scaled.jpg?id=137) !important;background-position: center !important;background-repeat: no-repeat !important;background-size: cover !important;}&#8221;][vc_row content_placement=&#8221;middle&#8221;][vc_column][vc_column_text]\n<h2 style=\"text-align: center;\">Let&#8217;s discuss your project<\/h2>\n<p style=\"text-align: center;\"><a href=\"\/en\/contact\/\">Contact us<\/a><\/p>\n[\/vc_column_text][\/vc_column][\/vc_row][\/vc_section]\n<\/div>","protected":false},"excerpt":{"rendered":"<p>[vc_section el_class=&#8221;section-header&#8221;][vc_row full_width=&#8221;stretch_row_content_no_spaces&#8221; equal_height=&#8221;yes&#8221;][vc_column width=&#8221;1\/2&#8243;][vc_column_text] Our expertise CIVIL AND STRUCTURAL ENGINEERING ARE AT THE HEART OF P54&#8217;S EXPERTISE. With many years of experience in conception and management, our experts will work with you to simplify and optimize your day-to-day operations. P54 offers a personalized service in order to obtain optimal &#8230;<\/p>\n","protected":false},"author":1,"featured_media":0,"parent":0,"menu_order":0,"comment_status":"closed","ping_status":"closed","template":"template-blank-1.php","meta":{"inline_featured_image":false,"_monsterinsights_skip_tracking":false,"_monsterinsights_sitenote_active":false,"_monsterinsights_sitenote_note":"","_monsterinsights_sitenote_category":0,"footnotes":""},"class_list":["post-495","page","type-page","status-publish","hentry","no-post-thumbnail"],"yoast_head":"<!-- This site is optimized with the Yoast SEO plugin v27.4 - https:\/\/yoast.com\/product\/yoast-seo-wordpress\/ -->\n<title>Our Expertise in Civil Engineering | P54<\/title>\n<meta name=\"description\" content=\"Thanks to our multidisciplinary and expert team, we offer you several services in civil engineering and structural engineering.\" \/>\n<meta name=\"robots\" content=\"index, follow, max-snippet:-1, max-image-preview:large, max-video-preview:-1\" \/>\n<link rel=\"canonical\" href=\"https:\/\/coral-peafowl-278493.hostingersite.com\/en\/expertise\/\" \/>\n<meta property=\"og:locale\" content=\"en_US\" \/>\n<meta property=\"og:type\" content=\"article\" \/>\n<meta property=\"og:title\" content=\"Our Expertise in Civil Engineering | P54\" \/>\n<meta property=\"og:description\" content=\"Thanks to our multidisciplinary and expert team, we offer you several services in civil engineering and structural engineering.\" \/>\n<meta property=\"og:url\" content=\"https:\/\/coral-peafowl-278493.hostingersite.com\/en\/expertise\/\" \/>\n<meta property=\"og:site_name\" content=\"P54\" \/>\n<meta property=\"article:modified_time\" content=\"2025-05-13T12:40:16+00:00\" \/>\n<meta name=\"twitter:card\" content=\"summary_large_image\" \/>\n<meta name=\"twitter:label1\" content=\"Est. reading time\" \/>\n\t<meta name=\"twitter:data1\" content=\"7 minutes\" \/>\n<script type=\"application\/ld+json\" class=\"yoast-schema-graph\">{\"@context\":\"https:\\\/\\\/schema.org\",\"@graph\":[{\"@type\":\"WebPage\",\"@id\":\"https:\\\/\\\/coral-peafowl-278493.hostingersite.com\\\/en\\\/expertise\\\/\",\"url\":\"https:\\\/\\\/coral-peafowl-278493.hostingersite.com\\\/en\\\/expertise\\\/\",\"name\":\"Our Expertise in Civil Engineering | P54\",\"isPartOf\":{\"@id\":\"https:\\\/\\\/coral-peafowl-278493.hostingersite.com\\\/#website\"},\"datePublished\":\"2022-06-21T14:27:14+00:00\",\"dateModified\":\"2025-05-13T12:40:16+00:00\",\"description\":\"Thanks to our multidisciplinary and expert team, we offer you several services in civil engineering and structural engineering.\",\"breadcrumb\":{\"@id\":\"https:\\\/\\\/coral-peafowl-278493.hostingersite.com\\\/en\\\/expertise\\\/#breadcrumb\"},\"inLanguage\":\"en-US\",\"potentialAction\":[{\"@type\":\"ReadAction\",\"target\":[\"https:\\\/\\\/coral-peafowl-278493.hostingersite.com\\\/en\\\/expertise\\\/\"]}]},{\"@type\":\"BreadcrumbList\",\"@id\":\"https:\\\/\\\/coral-peafowl-278493.hostingersite.com\\\/en\\\/expertise\\\/#breadcrumb\",\"itemListElement\":[{\"@type\":\"ListItem\",\"position\":1,\"name\":\"Accueil\",\"item\":\"https:\\\/\\\/coral-peafowl-278493.hostingersite.com\\\/en\\\/home-2\\\/\"},{\"@type\":\"ListItem\",\"position\":2,\"name\":\"Expertise\"}]},{\"@type\":\"WebSite\",\"@id\":\"https:\\\/\\\/coral-peafowl-278493.hostingersite.com\\\/#website\",\"url\":\"https:\\\/\\\/coral-peafowl-278493.hostingersite.com\\\/\",\"name\":\"Parall\u00e8le 54 - Firme de g\u00e9nie conseil et d'ing\u00e9nierie\",\"description\":\"\",\"alternateName\":\"P54 - Firme de g\u00e9nie civil\",\"potentialAction\":[{\"@type\":\"SearchAction\",\"target\":{\"@type\":\"EntryPoint\",\"urlTemplate\":\"https:\\\/\\\/coral-peafowl-278493.hostingersite.com\\\/?s={search_term_string}\"},\"query-input\":{\"@type\":\"PropertyValueSpecification\",\"valueRequired\":true,\"valueName\":\"search_term_string\"}}],\"inLanguage\":\"en-US\"}]}<\/script>\n<!-- \/ Yoast SEO plugin. -->","yoast_head_json":{"title":"Our Expertise in Civil Engineering | P54","description":"Thanks to our multidisciplinary and expert team, we offer you several services in civil engineering and structural engineering.","robots":{"index":"index","follow":"follow","max-snippet":"max-snippet:-1","max-image-preview":"max-image-preview:large","max-video-preview":"max-video-preview:-1"},"canonical":"https:\/\/coral-peafowl-278493.hostingersite.com\/en\/expertise\/","og_locale":"en_US","og_type":"article","og_title":"Our Expertise in Civil Engineering | P54","og_description":"Thanks to our multidisciplinary and expert team, we offer you several services in civil engineering and structural engineering.","og_url":"https:\/\/coral-peafowl-278493.hostingersite.com\/en\/expertise\/","og_site_name":"P54","article_modified_time":"2025-05-13T12:40:16+00:00","twitter_card":"summary_large_image","twitter_misc":{"Est. reading time":"7 minutes"},"schema":{"@context":"https:\/\/schema.org","@graph":[{"@type":"WebPage","@id":"https:\/\/coral-peafowl-278493.hostingersite.com\/en\/expertise\/","url":"https:\/\/coral-peafowl-278493.hostingersite.com\/en\/expertise\/","name":"Our Expertise in Civil Engineering | P54","isPartOf":{"@id":"https:\/\/coral-peafowl-278493.hostingersite.com\/#website"},"datePublished":"2022-06-21T14:27:14+00:00","dateModified":"2025-05-13T12:40:16+00:00","description":"Thanks to our multidisciplinary and expert team, we offer you several services in civil engineering and structural engineering.","breadcrumb":{"@id":"https:\/\/coral-peafowl-278493.hostingersite.com\/en\/expertise\/#breadcrumb"},"inLanguage":"en-US","potentialAction":[{"@type":"ReadAction","target":["https:\/\/coral-peafowl-278493.hostingersite.com\/en\/expertise\/"]}]},{"@type":"BreadcrumbList","@id":"https:\/\/coral-peafowl-278493.hostingersite.com\/en\/expertise\/#breadcrumb","itemListElement":[{"@type":"ListItem","position":1,"name":"Accueil","item":"https:\/\/coral-peafowl-278493.hostingersite.com\/en\/home-2\/"},{"@type":"ListItem","position":2,"name":"Expertise"}]},{"@type":"WebSite","@id":"https:\/\/coral-peafowl-278493.hostingersite.com\/#website","url":"https:\/\/coral-peafowl-278493.hostingersite.com\/","name":"Parall\u00e8le 54 - Firme de g\u00e9nie conseil et d'ing\u00e9nierie","description":"","alternateName":"P54 - Firme de g\u00e9nie civil","potentialAction":[{"@type":"SearchAction","target":{"@type":"EntryPoint","urlTemplate":"https:\/\/coral-peafowl-278493.hostingersite.com\/?s={search_term_string}"},"query-input":{"@type":"PropertyValueSpecification","valueRequired":true,"valueName":"search_term_string"}}],"inLanguage":"en-US"}]}},"_links":{"self":[{"href":"https:\/\/p54.ca\/en\/wp-json\/wp\/v2\/pages\/495","targetHints":{"allow":["GET"]}}],"collection":[{"href":"https:\/\/p54.ca\/en\/wp-json\/wp\/v2\/pages"}],"about":[{"href":"https:\/\/p54.ca\/en\/wp-json\/wp\/v2\/types\/page"}],"author":[{"embeddable":true,"href":"https:\/\/p54.ca\/en\/wp-json\/wp\/v2\/users\/1"}],"replies":[{"embeddable":true,"href":"https:\/\/p54.ca\/en\/wp-json\/wp\/v2\/comments?post=495"}],"version-history":[{"count":0,"href":"https:\/\/p54.ca\/en\/wp-json\/wp\/v2\/pages\/495\/revisions"}],"wp:attachment":[{"href":"https:\/\/p54.ca\/en\/wp-json\/wp\/v2\/media?parent=495"}],"curies":[{"name":"wp","href":"https:\/\/api.w.org\/{rel}","templated":true}]}}