{"id":1848,"date":"2025-09-09T21:54:58","date_gmt":"2025-09-09T19:54:58","guid":{"rendered":"https:\/\/p54.ca\/?page_id=1848"},"modified":"2025-09-18T21:10:46","modified_gmt":"2025-09-18T19:10:46","slug":"home-2","status":"publish","type":"page","link":"https:\/\/p54.ca\/en\/","title":{"rendered":"Home"},"content":{"rendered":"<div class=\"wpb-content-wrapper\">[vc_row el_class=&#8221;section-top&#8221;][vc_column]\n\t\t\t\t<p class=\"rs-p-wp-fix\"><\/p>\n\t\t\t\t<sr7-module data-alias=\"slider-1-1\" data-id=\"2\" id=\"SR7_2_1\" class=\"rs-ov-hidden\" data-version=\"6.7.28\">\n\t\t\t\t\t<sr7-adjuster><\/sr7-adjuster>\n\t\t\t\t\t<sr7-content>\n\t\t\t\t\t\t<sr7-slide id=\"SR7_2_1-3\" data-key=\"3\">\n\t\t\t\t\t\t\t<sr7-txt id=\"SR7_2_1-3-0\" class=\"sr7-layer\">Bringing new life <br \/>\nto engineering<\/sr7-txt>\n\t\t\t\t\t\t\t<sr7-txt id=\"SR7_2_1-3-2\" class=\"sr7-layer\">We build trusting relationships with our customers and with each other, in order to create solid and lasting projects together!<\/sr7-txt>\n\t\t\t\t\t\t\t<a id=\"SR7_2_1-3-3\" class=\"sr7-layer\" href=\"\/en\/about\/\" target=\"_self\">About us \u2192<\/a>\n\t\t\t\t\t\t<\/sr7-slide>\n\t\t\t\t\t\t<sr7-slide id=\"SR7_2_1-4\" data-key=\"4\">\n\t\t\t\t\t\t<\/sr7-slide>\n\t\t\t\t\t<\/sr7-content>\n\t\t\t\t<\/sr7-module>\n\t\t\t\t<script>\n\t\t\t\t\tSR7.PMH ??={}; SR7.PMH[\"SR7_2_1\"] = {cn:100,state:false,fn: function() { if (_tpt!==undefined && _tpt.prepareModuleHeight !== undefined) {  _tpt.prepareModuleHeight({id:\"SR7_2_1\",el:[900,900,900,900,720],type:'hero',shdw:'0',gh:[900,900,900,900,720],gw:[1240,1240,1240,1240,480],vpt:['-100px&#039;,&#039;-100px&#039;,&#039;-100px&#039;,&#039;-100px&#039;,&#039;-100px'],size:{fullWidth:true, fullHeight:false},mh:'0',onh:0,onw:0,bg:{color:'{\"orig\":\"transparent\",\"type\":\"solid\",\"string\":\"transparent\"}'}});   SR7.PMH[\"SR7_2_1\"].state=true;} else if(SR7.PMH[\"SR7_2_1\"].cn-->0)\tsetTimeout( SR7.PMH[\"SR7_2_1\"].fn,19);}};SR7.PMH[\"SR7_2_1\" ].fn();\n\t\t\t\t<\/script>\n[\/vc_column][\/vc_row][vc_section full_width=&#8221;stretch_row&#8221; content_placement=&#8221;top&#8221; css_animation=&#8221;none&#8221; el_class=&#8221;section-employes&#8221;][vc_row content_placement=&#8221;top&#8221;][vc_column][vc_column_text css_animation=&#8221;fadeIn&#8221; css=&#8221;&#8221;]\n<h2>A comprehensive, robust,<br \/>\nhuman-centered<br \/>\nengineering firm.<\/h2>\n<p class=\"p1\">At Parall\u00e8le 54, we bring together all key engineering expertise under a single banner: structural, civil, mechanical, electrical, dams and water resources, environmental, and mining.<\/p>\n<p class=\"p1\">Our integrated approach enables us to manage your projects holistically with rigor, consistency, and efficiency.<\/p>\n<p class=\"p1\">Supported by a team of veteran professionals, we deliver on complex mandates of every scale for municipal, institutional, industrial, and private clients throughout Quebec.<\/p>\n<div class=\"vc_btn3-container custom-btn custom-btn-blue btn-without-border vc_do_btn\"><a class=\"vc_general vc_btn3 vc_btn3-size-md vc_btn3-shape-rounded vc_btn3-style-modern vc_btn3-color-grey\" title=\"\" href=\"\/en\/expertise\/\">LEARN MORE ABOUT OUR EXPERTISE<\/a><\/div>\n[\/vc_column_text][\/vc_column][\/vc_row][\/vc_section][vc_row css=&#8221;.vc_custom_1756997054665{padding-top: 90px !important;padding-bottom: 90px !important;}&#8221; el_class=&#8221;new-employes-section&#8221;][vc_column width=&#8221;1\/2&#8243; css=&#8221;.vc_custom_1756906039103{padding-right: 40px !important;}&#8221;][vc_column_text css_animation=&#8221;fadeIn&#8221; css=&#8221;&#8221;]\n<h3 style=\"font-weight: 500 !important; margin-bottom: 0;\">Our employees<\/h3>\n<h2>The pillar of<br \/>\nParall\u00e8le 54<\/h2>\n<p>&nbsp;<\/p>\n<p class=\"p1\">At Parall\u00e8le 54, our strength is the passion of committed people who build differently.<\/p>\n<p class=\"p1\">We invest in our team\u2019s professionals, offering trust, support, and meaningful challenges so they can develop both professionally and personally.<\/p>\n<p class=\"p1\">Here, we value the joy of collaboration, transparency in our relationships, and the pride of building concrete engineering projects together.<\/p>\n<p class=\"p1\">More than a workplace, Parall\u00e8le 54 is a living culture where everyone finds their place and contributes to shared success.<\/p>\n[\/vc_column_text][vc_btn title=&#8221;LIVE OUR CULTURE&#8221; align=&#8221;left&#8221; css=&#8221;&#8221; link=&#8221;url:%2Fen%2Fculture%2F&#8221; el_class=&#8221;custom-btn custom-btn-orange btn-without-border&#8221;][\/vc_column][vc_column css_animation=&#8221;fadeIn&#8221; width=&#8221;1\/2&#8243; el_id=&#8221;home-img-container&#8221;][vc_single_image image=&#8221;1587&#8243; img_size=&#8221;full&#8221; alignment=&#8221;center&#8221; css=&#8221;&#8221;][vc_single_image image=&#8221;1593&#8243; img_size=&#8221;full&#8221; alignment=&#8221;right&#8221; css=&#8221;.vc_custom_1756906842125{margin-top: 20px !important;margin-right: -30px !important;}&#8221;][vc_single_image image=&#8221;1579&#8243; img_size=&#8221;full&#8221; css=&#8221;.vc_custom_1756906889288{margin-top: -80% !important;margin-left: 30px !important;}&#8221;][\/vc_column][\/vc_row][vc_row full_width=&#8221;stretch_row_content&#8221; equal_height=&#8221;yes&#8221; content_placement=&#8221;middle&#8221; css=&#8221;.vc_custom_1756997017885{background-image: url(https:\/\/p54.ca\/wp-content\/uploads\/2025\/09\/Group-1256.svg?id=1617) !important;background-position: center !important;background-repeat: no-repeat !important;background-size: cover !important;}&#8221; el_class=&#8221;quebecois-section&#8221;][vc_column css_animation=&#8221;fadeInLeft&#8221; width=&#8221;1\/3&#8243; css=&#8221;.vc_custom_1757972656454{margin-top: 0px !important;background-position: center !important;background-repeat: no-repeat !important;background-size: cover !important;}&#8221; el_class=&#8221;first-col&#8221;][\/vc_column][vc_column width=&#8221;2\/3&#8243; el_class=&#8221;second-col&#8221;][vc_column_text css_animation=&#8221;fadeIn&#8221; css=&#8221;.vc_custom_1757972665850{padding-top: 150px !important;padding-bottom: 150px !important;}&#8221; el_class=&#8221;quebecois-text-container&#8221;]\n<h2 style=\"text-align: center;\">Proudly 100% Qu\u00e9b\u00e9cois<\/h2>\n<p class=\"p1\" style=\"text-align: center;\"><span class=\"c-text-orange\">Founded here, by people from here<\/span>, Parall\u00e8le 54 is an independent, 100% Quebec firm.<\/p>\n<p class=\"p1\" style=\"text-align: center;\">We believe in the talent and know-how of our engineers, technicians, and support staff rooted in their communities and proud to contribute to Quebec\u2019s development. Working hand in hand with our clients, we deliver solutions tailored to local realities that create lasting value and strengthen the economy here at home.<\/p>\n[\/vc_column_text][\/vc_column][\/vc_row][vc_row full_width=&#8221;stretch_row&#8221; content_placement=&#8221;middle&#8221; css=&#8221;.vc_custom_1756911471373{padding-top: 100px !important;background-color: #F2F2F2 !important;}&#8221;][vc_column][vc_column_text css_animation=&#8221;fadeInDown&#8221; css=&#8221;&#8221;]\n<h2 class=\"p1\" style=\"text-align: center;\">Exciting projects driven by our<br \/>\nmultidisciplinary expertise<\/h2>\n[\/vc_column_text][vc_column_text css_animation=&#8221;fadeIn&#8221; css=&#8221;.vc_custom_1757972709490{padding-right: 100px !important;padding-left: 100px !important;}&#8221;]\n<p style=\"text-align: center;\">From iconic hotels and inclusive community centres to innovative urban condos, economy-shaping mining projects, and industrial facilities that drive performance, our team is proud to help deliver projects as diverse as they are complex.<\/p>\n<p style=\"text-align: center;\">At Parall\u00e8le 54, project management is carried out with rigor, passion, and a human touch. Our greatest strength? Being a multidisciplinary firm that embraces each project in all its complexity \u2013 from vision to delivery.<\/p>\n[\/vc_column_text][\/vc_column][\/vc_row][vc_row full_width=&#8221;stretch_row&#8221; content_placement=&#8221;middle&#8221; css=&#8221;.vc_custom_1756924250451{padding-bottom: 100px !important;background-color: #F2F2F2 !important;}&#8221; el_class=&#8221;sub-projects-section&#8221;][vc_column][vc_column_text css_animation=&#8221;fadeInDown&#8221; css=&#8221;.vc_custom_1757972720068{margin-left: 40px !important;}&#8221; el_id=&#8221;projects-orange-title&#8221;]\n<h3>Flagship projects from recent months<\/h3>\n<p>AMONG OUR MANY ACHIEVEMENTS, HERE ARE SOME RECENT PROJECTS WE\u2019RE PROUD OF.[\/vc_column_text][vc_single_image image=&#8221;1613&#8243; img_size=&#8221;full&#8221; css_animation=&#8221;slideInDown&#8221; css=&#8221;.vc_custom_1757446490337{margin-top: -70px !important;margin-left: 20px !important;}&#8221;][vc_row_inner content_placement=&#8221;middle&#8221; el_class=&#8221;project-item-container&#8221;][vc_column_inner][vc_single_image image=&#8221;1583&#8243; img_size=&#8221;full&#8221; css_animation=&#8221;fadeIn&#8221; css=&#8221;&#8221;][vc_column_text css_animation=&#8221;fadeInUp&#8221; css=&#8221;.vc_custom_1757972749056{padding-top: 15px !important;padding-right: 15px !important;padding-bottom: 15px !important;padding-left: 15px !important;background-color: #0F4696 !important;}&#8221; el_class=&#8221;project-text-container&#8221;]\n<h3 style=\"text-align: center;\">MUNICIPAL LIBRARY \u2014 CITY OF SAINT-COLOMBAN<\/h3>\n<p style=\"text-align: center;\">A bold, innovative architectural project, delivered in collaboration with Agence Spatiale, offering the community an inspiring cultural gathering place in the heart of the city.<\/p>\n[\/vc_column_text][\/vc_column_inner][\/vc_row_inner][vc_row_inner content_placement=&#8221;middle&#8221; el_class=&#8221;project-item-container&#8221;][vc_column_inner][vc_single_image image=&#8221;1591&#8243; img_size=&#8221;full&#8221; css_animation=&#8221;fadeIn&#8221; css=&#8221;&#8221;][vc_column_text css_animation=&#8221;fadeInUp&#8221; css=&#8221;.vc_custom_1757972767869{padding-top: 15px !important;padding-right: 15px !important;padding-bottom: 15px !important;padding-left: 15px !important;background-color: #0F4696 !important;}&#8221; el_class=&#8221;project-text-container&#8221;]\n<h3 style=\"text-align: center;\">DOMAINE TERRE-DES-JEUNES RESIDENTIAL DEVELOPMENT \u2014 CITY OF SAINTE-JULIENNE<\/h3>\n<p style=\"text-align: center;\">A future-ready neighbourhood designed for all generations, with more than 1,000 homes, a primary school, a childcare centre (CPE), a seniors\u2019 centre, parks, and sustainable infrastructure.<\/p>\n[\/vc_column_text][\/vc_column_inner][\/vc_row_inner][vc_row_inner content_placement=&#8221;middle&#8221; el_class=&#8221;project-item-container&#8221;][vc_column_inner][vc_single_image image=&#8221;1890&#8243; img_size=&#8221;full&#8221; css_animation=&#8221;fadeIn&#8221; css=&#8221;&#8221;][vc_column_text css_animation=&#8221;fadeInUp&#8221; css=&#8221;.vc_custom_1758153552243{padding-top: 15px !important;padding-right: 15px !important;padding-bottom: 15px !important;padding-left: 15px !important;background-color: #0F4696 !important;}&#8221; el_class=&#8221;project-text-container&#8221;]\n<h3 style=\"text-align: center;\"><b data-stringify-type=\"bold\">QUARTIER ONEWEST \u2013 POINTE-CLAIRE<\/b><\/h3>\n<p style=\"text-align: center;\">A modern community of nearly 160 luxury condos featuring spacious balconies, a fitness center, indoor and outdoor pools, and inviting common areas. Ideally located near the REM, offering a vibrant and convenient urban lifestyle.<\/p>\n[\/vc_column_text][\/vc_column_inner][\/vc_row_inner][vc_row_inner content_placement=&#8221;middle&#8221; el_class=&#8221;project-item-container&#8221;][vc_column_inner][vc_btn title=&#8221;DISCOVER MORE PROJECTS&#8221; align=&#8221;center&#8221; css=&#8221;&#8221; link=&#8221;url:%2Fen%2Fprojets%2F&#8221; el_class=&#8221;custom-btn custom-btn-orange btn-without-border&#8221;][\/vc_column_inner][\/vc_row_inner][\/vc_column][\/vc_row][vc_row content_placement=&#8221;middle&#8221; css=&#8221;.vc_custom_1756910237717{padding-top: 100px !important;padding-bottom: 100px !important;background-color: #FFFFFF !important;}&#8221;][vc_column width=&#8221;1\/6&#8243;][\/vc_column][vc_column width=&#8221;2\/3&#8243;][vc_column_text css_animation=&#8221;fadeInDown&#8221; css=&#8221;&#8221;]\n<h2 class=\"p1\" style=\"text-align: center;\">Ambitious growth, driven by<br \/>\n<span class=\"text-bleu-clair\">a clear vision<\/span><\/h2>\n<p class=\"p1\" style=\"text-align: center;\">Since its founding, Parall\u00e8le 54 has enjoyed rapid, thoughtful growth, guided by a strategic vision and a quality-first approach. Our strength? A committed, approachable, and transparent team, and a culture that values expertise as much as human relationships.<\/p>\n<p class=\"p1\" style=\"text-align: center;\">We move forward with ambition and conviction, never losing sight of what sets us apart: rigor, attentive listening, and a commitment to doing engineering differently.<\/p>\n[\/vc_column_text][vc_btn title=&#8221;LEARN MORE ABOUT US&#8221; align=&#8221;center&#8221; css_animation=&#8221;fadeIn&#8221; css=&#8221;&#8221; link=&#8221;url:%2Fen%2Fa-propos%2F&#8221; el_class=&#8221;custom-btn custom-btn-orange btn-without-border&#8221;][\/vc_column][vc_column width=&#8221;1\/6&#8243;][\/vc_column][\/vc_row]\n<\/div>","protected":false},"excerpt":{"rendered":"<p>[vc_row el_class=&#8221;section-top&#8221;][vc_column][\/vc_column][\/vc_row][vc_section full_width=&#8221;stretch_row&#8221; content_placement=&#8221;top&#8221; css_animation=&#8221;none&#8221; el_class=&#8221;section-employes&#8221;][vc_row content_placement=&#8221;top&#8221;][vc_column][vc_column_text css_animation=&#8221;fadeIn&#8221; css=&#8221;&#8221;] A comprehensive, robust, human-centered engineering firm. At Parall\u00e8le 54, we bring together all key engineering expertise under a single banner: structural, civil, mechanical, electrical, dams and water resources, environmental, and mining. Our integrated approach enables us to manage your projects holistically &#8230;<\/p>\n","protected":false},"author":1,"featured_media":0,"parent":0,"menu_order":0,"comment_status":"closed","ping_status":"closed","template":"template-blank-1.php","meta":{"inline_featured_image":false,"_monsterinsights_skip_tracking":false,"_monsterinsights_sitenote_active":false,"_monsterinsights_sitenote_note":"","_monsterinsights_sitenote_category":0,"footnotes":""},"class_list":["post-1848","page","type-page","status-publish","hentry","no-post-thumbnail"],"yoast_head":"<!-- This site is optimized with the Yoast SEO plugin v27.4 - https:\/\/yoast.com\/product\/yoast-seo-wordpress\/ -->\n<title>Home - P54<\/title>\n<meta name=\"robots\" content=\"index, follow, max-snippet:-1, max-image-preview:large, max-video-preview:-1\" \/>\n<link rel=\"canonical\" href=\"https:\/\/coral-peafowl-278493.hostingersite.com\/en\/home-2\/\" \/>\n<meta property=\"og:locale\" content=\"en_US\" \/>\n<meta property=\"og:type\" content=\"article\" \/>\n<meta property=\"og:title\" content=\"Home - P54\" \/>\n<meta property=\"og:description\" content=\"[vc_row el_class=&#8221;section-top&#8221;][vc_column][\/vc_column][\/vc_row][vc_section full_width=&#8221;stretch_row&#8221; content_placement=&#8221;top&#8221; css_animation=&#8221;none&#8221; el_class=&#8221;section-employes&#8221;][vc_row content_placement=&#8221;top&#8221;][vc_column][vc_column_text css_animation=&#8221;fadeIn&#8221; css=&#8221;&#8221;] A comprehensive, robust, human-centered engineering firm. At Parall\u00e8le 54, we bring together all key engineering expertise under a single banner: structural, civil, mechanical, electrical, dams and water resources, environmental, and mining. Our integrated approach enables us to manage your projects holistically ...\" \/>\n<meta property=\"og:url\" content=\"https:\/\/coral-peafowl-278493.hostingersite.com\/en\/home-2\/\" \/>\n<meta property=\"og:site_name\" content=\"P54\" \/>\n<meta property=\"article:modified_time\" content=\"2025-09-18T19:10:46+00:00\" \/>\n<meta property=\"og:image\" content=\"https:\/\/coral-peafowl-278493.hostingersite.com\/wp-content\/uploads\/2022\/03\/0H8A0951-2-1024x650.jpg\" \/>\n<meta name=\"twitter:card\" content=\"summary_large_image\" \/>\n<meta name=\"twitter:label1\" content=\"Est. reading time\" \/>\n\t<meta name=\"twitter:data1\" content=\"4 minutes\" \/>\n<script type=\"application\/ld+json\" class=\"yoast-schema-graph\">{\"@context\":\"https:\\\/\\\/schema.org\",\"@graph\":[{\"@type\":\"WebPage\",\"@id\":\"https:\\\/\\\/coral-peafowl-278493.hostingersite.com\\\/en\\\/home-2\\\/\",\"url\":\"https:\\\/\\\/coral-peafowl-278493.hostingersite.com\\\/en\\\/home-2\\\/\",\"name\":\"Home - P54\",\"isPartOf\":{\"@id\":\"https:\\\/\\\/coral-peafowl-278493.hostingersite.com\\\/#website\"},\"datePublished\":\"2025-09-09T19:54:58+00:00\",\"dateModified\":\"2025-09-18T19:10:46+00:00\",\"breadcrumb\":{\"@id\":\"https:\\\/\\\/coral-peafowl-278493.hostingersite.com\\\/en\\\/home-2\\\/#breadcrumb\"},\"inLanguage\":\"en-US\",\"potentialAction\":[{\"@type\":\"ReadAction\",\"target\":[\"https:\\\/\\\/coral-peafowl-278493.hostingersite.com\\\/en\\\/home-2\\\/\"]}]},{\"@type\":\"BreadcrumbList\",\"@id\":\"https:\\\/\\\/coral-peafowl-278493.hostingersite.com\\\/en\\\/home-2\\\/#breadcrumb\",\"itemListElement\":[{\"@type\":\"ListItem\",\"position\":1,\"name\":\"Accueil\",\"item\":\"https:\\\/\\\/coral-peafowl-278493.hostingersite.com\\\/en\\\/home-2\\\/\"},{\"@type\":\"ListItem\",\"position\":2,\"name\":\"Home\"}]},{\"@type\":\"WebSite\",\"@id\":\"https:\\\/\\\/coral-peafowl-278493.hostingersite.com\\\/#website\",\"url\":\"https:\\\/\\\/coral-peafowl-278493.hostingersite.com\\\/\",\"name\":\"Parall\u00e8le 54 - Firme de g\u00e9nie conseil et d'ing\u00e9nierie\",\"description\":\"\",\"alternateName\":\"P54 - Firme de g\u00e9nie civil\",\"potentialAction\":[{\"@type\":\"SearchAction\",\"target\":{\"@type\":\"EntryPoint\",\"urlTemplate\":\"https:\\\/\\\/coral-peafowl-278493.hostingersite.com\\\/?s={search_term_string}\"},\"query-input\":{\"@type\":\"PropertyValueSpecification\",\"valueRequired\":true,\"valueName\":\"search_term_string\"}}],\"inLanguage\":\"en-US\"}]}<\/script>\n<!-- \/ Yoast SEO plugin. -->","yoast_head_json":{"title":"Home - P54","robots":{"index":"index","follow":"follow","max-snippet":"max-snippet:-1","max-image-preview":"max-image-preview:large","max-video-preview":"max-video-preview:-1"},"canonical":"https:\/\/coral-peafowl-278493.hostingersite.com\/en\/home-2\/","og_locale":"en_US","og_type":"article","og_title":"Home - P54","og_description":"[vc_row el_class=&#8221;section-top&#8221;][vc_column][\/vc_column][\/vc_row][vc_section full_width=&#8221;stretch_row&#8221; content_placement=&#8221;top&#8221; css_animation=&#8221;none&#8221; el_class=&#8221;section-employes&#8221;][vc_row content_placement=&#8221;top&#8221;][vc_column][vc_column_text css_animation=&#8221;fadeIn&#8221; css=&#8221;&#8221;] A comprehensive, robust, human-centered engineering firm. At Parall\u00e8le 54, we bring together all key engineering expertise under a single banner: structural, civil, mechanical, electrical, dams and water resources, environmental, and mining. Our integrated approach enables us to manage your projects holistically ...","og_url":"https:\/\/coral-peafowl-278493.hostingersite.com\/en\/home-2\/","og_site_name":"P54","article_modified_time":"2025-09-18T19:10:46+00:00","og_image":[{"url":"https:\/\/coral-peafowl-278493.hostingersite.com\/wp-content\/uploads\/2022\/03\/0H8A0951-2-1024x650.jpg","type":"","width":"","height":""}],"twitter_card":"summary_large_image","twitter_misc":{"Est. reading time":"4 minutes"},"schema":{"@context":"https:\/\/schema.org","@graph":[{"@type":"WebPage","@id":"https:\/\/coral-peafowl-278493.hostingersite.com\/en\/home-2\/","url":"https:\/\/coral-peafowl-278493.hostingersite.com\/en\/home-2\/","name":"Home - P54","isPartOf":{"@id":"https:\/\/coral-peafowl-278493.hostingersite.com\/#website"},"datePublished":"2025-09-09T19:54:58+00:00","dateModified":"2025-09-18T19:10:46+00:00","breadcrumb":{"@id":"https:\/\/coral-peafowl-278493.hostingersite.com\/en\/home-2\/#breadcrumb"},"inLanguage":"en-US","potentialAction":[{"@type":"ReadAction","target":["https:\/\/coral-peafowl-278493.hostingersite.com\/en\/home-2\/"]}]},{"@type":"BreadcrumbList","@id":"https:\/\/coral-peafowl-278493.hostingersite.com\/en\/home-2\/#breadcrumb","itemListElement":[{"@type":"ListItem","position":1,"name":"Accueil","item":"https:\/\/coral-peafowl-278493.hostingersite.com\/en\/home-2\/"},{"@type":"ListItem","position":2,"name":"Home"}]},{"@type":"WebSite","@id":"https:\/\/coral-peafowl-278493.hostingersite.com\/#website","url":"https:\/\/coral-peafowl-278493.hostingersite.com\/","name":"Parall\u00e8le 54 - Firme de g\u00e9nie conseil et d'ing\u00e9nierie","description":"","alternateName":"P54 - Firme de g\u00e9nie civil","potentialAction":[{"@type":"SearchAction","target":{"@type":"EntryPoint","urlTemplate":"https:\/\/coral-peafowl-278493.hostingersite.com\/?s={search_term_string}"},"query-input":{"@type":"PropertyValueSpecification","valueRequired":true,"valueName":"search_term_string"}}],"inLanguage":"en-US"}]}},"_links":{"self":[{"href":"https:\/\/p54.ca\/en\/wp-json\/wp\/v2\/pages\/1848","targetHints":{"allow":["GET"]}}],"collection":[{"href":"https:\/\/p54.ca\/en\/wp-json\/wp\/v2\/pages"}],"about":[{"href":"https:\/\/p54.ca\/en\/wp-json\/wp\/v2\/types\/page"}],"author":[{"embeddable":true,"href":"https:\/\/p54.ca\/en\/wp-json\/wp\/v2\/users\/1"}],"replies":[{"embeddable":true,"href":"https:\/\/p54.ca\/en\/wp-json\/wp\/v2\/comments?post=1848"}],"version-history":[{"count":0,"href":"https:\/\/p54.ca\/en\/wp-json\/wp\/v2\/pages\/1848\/revisions"}],"wp:attachment":[{"href":"https:\/\/p54.ca\/en\/wp-json\/wp\/v2\/media?parent=1848"}],"curies":[{"name":"wp","href":"https:\/\/api.w.org\/{rel}","templated":true}]}}