{"id":1244,"date":"2024-12-18T14:31:53","date_gmt":"2024-12-18T13:31:53","guid":{"rendered":"https:\/\/p54.ca\/?page_id=1244"},"modified":"2025-03-20T15:06:30","modified_gmt":"2025-03-20T14:06:30","slug":"blog","status":"publish","type":"page","link":"https:\/\/p54.ca\/en\/blog\/","title":{"rendered":"Blog"},"content":{"rendered":"<div class=\"wpb-content-wrapper\">[vc_row el_class=&#8221;section-intro&#8221;][vc_column][vc_column_text css=&#8221;&#8221;]\n<h1 style=\"text-align: center;\">Welcome to our blog!<\/h1>\n<p style=\"text-align: center;\">Parall\u00e8le 54 is constantly evolving. Follow our articles to discover the latest news about our company, the causes we care about, the exciting projects we&#8217;re working on, and much more!<\/p>\n[\/vc_column_text][\/vc_column][\/vc_row][vc_row][vc_column][vc_masonry_grid post_type=&#8221;post&#8221; max_items=&#8221;-1&#8243; element_width=&#8221;6&#8243; item=&#8221;1275&#8243; css=&#8221;&#8221; grid_id=&#8221;vc_gid:1736174811427-5d091768-0281-5&#8243; taxonomies=&#8221;19&#8243;][\/vc_column][\/vc_row]\n<\/div>","protected":false},"excerpt":{"rendered":"<p>[vc_row el_class=&#8221;section-intro&#8221;][vc_column][vc_column_text css=&#8221;&#8221;] Welcome to our blog! Parall\u00e8le 54 is constantly evolving. Follow our articles to discover the latest news about our company, the causes we care about, the exciting projects we&#8217;re working on, and much more! [\/vc_column_text][\/vc_column][\/vc_row][vc_row][vc_column][vc_masonry_grid post_type=&#8221;post&#8221; max_items=&#8221;-1&#8243; element_width=&#8221;6&#8243; item=&#8221;1275&#8243; css=&#8221;&#8221; grid_id=&#8221;vc_gid:1736174811427-5d091768-0281-5&#8243; taxonomies=&#8221;19&#8243;][\/vc_column][\/vc_row]<\/p>\n","protected":false},"author":1,"featured_media":0,"parent":0,"menu_order":0,"comment_status":"closed","ping_status":"closed","template":"template-blank-1.php","meta":{"inline_featured_image":false,"_monsterinsights_skip_tracking":false,"_monsterinsights_sitenote_active":false,"_monsterinsights_sitenote_note":"","_monsterinsights_sitenote_category":0,"footnotes":""},"class_list":["post-1244","page","type-page","status-publish","hentry","no-post-thumbnail"],"yoast_head":"<!-- This site is optimized with the Yoast SEO plugin v27.3 - https:\/\/yoast.com\/product\/yoast-seo-wordpress\/ -->\n<title>Blog - P54<\/title>\n<meta name=\"description\" content=\"Visit our blog to stay up-to-date on our latest news and projects. Learn more about our vision for civil engineering.\" \/>\n<meta name=\"robots\" content=\"index, follow, max-snippet:-1, max-image-preview:large, max-video-preview:-1\" \/>\n<link rel=\"canonical\" href=\"https:\/\/coral-peafowl-278493.hostingersite.com\/en\/blog\/\" \/>\n<meta property=\"og:locale\" content=\"en_US\" \/>\n<meta property=\"og:type\" content=\"article\" \/>\n<meta property=\"og:title\" content=\"Blog - P54\" \/>\n<meta property=\"og:description\" content=\"Visit our blog to stay up-to-date on our latest news and projects. Learn more about our vision for civil engineering.\" \/>\n<meta property=\"og:url\" content=\"https:\/\/coral-peafowl-278493.hostingersite.com\/en\/blog\/\" \/>\n<meta property=\"og:site_name\" content=\"P54\" \/>\n<meta property=\"article:modified_time\" content=\"2025-03-20T14:06:30+00:00\" \/>\n<meta name=\"twitter:card\" content=\"summary_large_image\" \/>\n<meta name=\"twitter:label1\" content=\"Est. reading time\" \/>\n\t<meta name=\"twitter:data1\" content=\"1 minute\" \/>\n<script type=\"application\/ld+json\" class=\"yoast-schema-graph\">{\"@context\":\"https:\\\/\\\/schema.org\",\"@graph\":[{\"@type\":\"WebPage\",\"@id\":\"https:\\\/\\\/coral-peafowl-278493.hostingersite.com\\\/en\\\/blog\\\/\",\"url\":\"https:\\\/\\\/coral-peafowl-278493.hostingersite.com\\\/en\\\/blog\\\/\",\"name\":\"Blog - P54\",\"isPartOf\":{\"@id\":\"https:\\\/\\\/coral-peafowl-278493.hostingersite.com\\\/#website\"},\"datePublished\":\"2024-12-18T13:31:53+00:00\",\"dateModified\":\"2025-03-20T14:06:30+00:00\",\"description\":\"Visit our blog to stay up-to-date on our latest news and projects. Learn more about our vision for civil engineering.\",\"breadcrumb\":{\"@id\":\"https:\\\/\\\/coral-peafowl-278493.hostingersite.com\\\/en\\\/blog\\\/#breadcrumb\"},\"inLanguage\":\"en-US\",\"potentialAction\":[{\"@type\":\"ReadAction\",\"target\":[\"https:\\\/\\\/coral-peafowl-278493.hostingersite.com\\\/en\\\/blog\\\/\"]}]},{\"@type\":\"BreadcrumbList\",\"@id\":\"https:\\\/\\\/coral-peafowl-278493.hostingersite.com\\\/en\\\/blog\\\/#breadcrumb\",\"itemListElement\":[{\"@type\":\"ListItem\",\"position\":1,\"name\":\"Accueil\",\"item\":\"https:\\\/\\\/coral-peafowl-278493.hostingersite.com\\\/en\\\/home-2\\\/\"},{\"@type\":\"ListItem\",\"position\":2,\"name\":\"Blog\"}]},{\"@type\":\"WebSite\",\"@id\":\"https:\\\/\\\/coral-peafowl-278493.hostingersite.com\\\/#website\",\"url\":\"https:\\\/\\\/coral-peafowl-278493.hostingersite.com\\\/\",\"name\":\"Parall\u00e8le 54 - Firme de g\u00e9nie conseil et d'ing\u00e9nierie\",\"description\":\"\",\"alternateName\":\"P54 - Firme de g\u00e9nie civil\",\"potentialAction\":[{\"@type\":\"SearchAction\",\"target\":{\"@type\":\"EntryPoint\",\"urlTemplate\":\"https:\\\/\\\/coral-peafowl-278493.hostingersite.com\\\/?s={search_term_string}\"},\"query-input\":{\"@type\":\"PropertyValueSpecification\",\"valueRequired\":true,\"valueName\":\"search_term_string\"}}],\"inLanguage\":\"en-US\"}]}<\/script>\n<!-- \/ Yoast SEO plugin. -->","yoast_head_json":{"title":"Blog - P54","description":"Visit our blog to stay up-to-date on our latest news and projects. Learn more about our vision for civil engineering.","robots":{"index":"index","follow":"follow","max-snippet":"max-snippet:-1","max-image-preview":"max-image-preview:large","max-video-preview":"max-video-preview:-1"},"canonical":"https:\/\/coral-peafowl-278493.hostingersite.com\/en\/blog\/","og_locale":"en_US","og_type":"article","og_title":"Blog - P54","og_description":"Visit our blog to stay up-to-date on our latest news and projects. Learn more about our vision for civil engineering.","og_url":"https:\/\/coral-peafowl-278493.hostingersite.com\/en\/blog\/","og_site_name":"P54","article_modified_time":"2025-03-20T14:06:30+00:00","twitter_card":"summary_large_image","twitter_misc":{"Est. reading time":"1 minute"},"schema":{"@context":"https:\/\/schema.org","@graph":[{"@type":"WebPage","@id":"https:\/\/coral-peafowl-278493.hostingersite.com\/en\/blog\/","url":"https:\/\/coral-peafowl-278493.hostingersite.com\/en\/blog\/","name":"Blog - P54","isPartOf":{"@id":"https:\/\/coral-peafowl-278493.hostingersite.com\/#website"},"datePublished":"2024-12-18T13:31:53+00:00","dateModified":"2025-03-20T14:06:30+00:00","description":"Visit our blog to stay up-to-date on our latest news and projects. Learn more about our vision for civil engineering.","breadcrumb":{"@id":"https:\/\/coral-peafowl-278493.hostingersite.com\/en\/blog\/#breadcrumb"},"inLanguage":"en-US","potentialAction":[{"@type":"ReadAction","target":["https:\/\/coral-peafowl-278493.hostingersite.com\/en\/blog\/"]}]},{"@type":"BreadcrumbList","@id":"https:\/\/coral-peafowl-278493.hostingersite.com\/en\/blog\/#breadcrumb","itemListElement":[{"@type":"ListItem","position":1,"name":"Accueil","item":"https:\/\/coral-peafowl-278493.hostingersite.com\/en\/home-2\/"},{"@type":"ListItem","position":2,"name":"Blog"}]},{"@type":"WebSite","@id":"https:\/\/coral-peafowl-278493.hostingersite.com\/#website","url":"https:\/\/coral-peafowl-278493.hostingersite.com\/","name":"Parall\u00e8le 54 - Firme de g\u00e9nie conseil et d'ing\u00e9nierie","description":"","alternateName":"P54 - Firme de g\u00e9nie civil","potentialAction":[{"@type":"SearchAction","target":{"@type":"EntryPoint","urlTemplate":"https:\/\/coral-peafowl-278493.hostingersite.com\/?s={search_term_string}"},"query-input":{"@type":"PropertyValueSpecification","valueRequired":true,"valueName":"search_term_string"}}],"inLanguage":"en-US"}]}},"_links":{"self":[{"href":"https:\/\/p54.ca\/en\/wp-json\/wp\/v2\/pages\/1244","targetHints":{"allow":["GET"]}}],"collection":[{"href":"https:\/\/p54.ca\/en\/wp-json\/wp\/v2\/pages"}],"about":[{"href":"https:\/\/p54.ca\/en\/wp-json\/wp\/v2\/types\/page"}],"author":[{"embeddable":true,"href":"https:\/\/p54.ca\/en\/wp-json\/wp\/v2\/users\/1"}],"replies":[{"embeddable":true,"href":"https:\/\/p54.ca\/en\/wp-json\/wp\/v2\/comments?post=1244"}],"version-history":[{"count":0,"href":"https:\/\/p54.ca\/en\/wp-json\/wp\/v2\/pages\/1244\/revisions"}],"wp:attachment":[{"href":"https:\/\/p54.ca\/en\/wp-json\/wp\/v2\/media?parent=1244"}],"curies":[{"name":"wp","href":"https:\/\/api.w.org\/{rel}","templated":true}]}}